{"id":3189,"date":"2024-02-29T15:46:25","date_gmt":"2024-02-29T20:46:25","guid":{"rendered":"https:\/\/newmajority.ca\/?page_id=3189"},"modified":"2025-05-01T18:58:08","modified_gmt":"2025-05-01T22:58:08","slug":"blog","status":"publish","type":"page","link":"https:\/\/newmajority.ca\/fr\/blog\/","title":{"rendered":"Blog"},"content":{"rendered":"<p><div class=\"fusion-fullwidth fullwidth-box fusion-builder-row-1 fusion-flex-container has-pattern-background has-mask-background hundred-percent-fullwidth non-hundred-percent-height-scrolling fusion-no-small-visibility gradient-container-1\" style=\"--awb-border-radius-top-left:0px;--awb-border-radius-top-right:0px;--awb-border-radius-bottom-right:0px;--awb-border-radius-bottom-left:0px;--awb-padding-top:25px;--awb-padding-right:0px;--awb-padding-bottom:0px;--awb-padding-left:0px;--awb-margin-top:0px;--awb-margin-bottom:0px;--awb-min-height:500px;--awb-background-color:var(--awb-custom_color_6);--awb-flex-wrap:wrap;\" ><div class=\"fusion-builder-row fusion-row fusion-flex-align-items-flex-start fusion-flex-align-content-flex-end fusion-flex-justify-content-space-around fusion-flex-content-wrap\" style=\"width:calc( 100% + 0px ) !important;max-width:calc( 100% + 0px ) !important;margin-left: calc(-0px \/ 2 );margin-right: calc(-0px \/ 2 );\"><div class=\"fusion-layout-column fusion_builder_column fusion-builder-column-0 fusion_builder_column_1_1 1_1 fusion-flex-column fusion-flex-align-self-center\" style=\"--awb-padding-top:2%;--awb-padding-right:5%;--awb-padding-left:120px;--awb-bg-color:var(--awb-custom_color_6);--awb-bg-color-hover:var(--awb-custom_color_6);--awb-bg-size:cover;--awb-width-large:100%;--awb-margin-top-large:0px;--awb-spacing-right-large:0px;--awb-margin-bottom-large:0px;--awb-spacing-left-large:0px;--awb-width-medium:100%;--awb-order-medium:0;--awb-spacing-right-medium:0px;--awb-spacing-left-medium:0px;--awb-width-small:100%;--awb-order-small:0;--awb-spacing-right-small:0px;--awb-spacing-left-small:0px;\" data-scroll-devices=\"small-visibility,medium-visibility,large-visibility\"><div class=\"fusion-column-wrapper fusion-column-has-shadow fusion-flex-justify-content-flex-start fusion-content-layout-column\"><div class=\"fusion-title title fusion-title-1 fusion-sep-none fusion-title-center fusion-title-text fusion-title-size-three\" style=\"--awb-text-color:var(--awb-custom_color_9);--awb-margin-top-small:10px;--awb-margin-right-small:0px;--awb-margin-bottom-small:10px;--awb-margin-left-small:0px;--awb-font-size:21px;\"><h3 class=\"fusion-title-heading title-heading-center fusion-responsive-typography-calculated\" style=\"margin:0;font-size:1em;--fontSize:21;--minFontSize:21;line-height:1.24;\">Blog<\/h3><\/div><div class=\"fusion-text fusion-text-1\" style=\"--awb-text-transform:capitalize;--awb-text-color:var(--awb-custom_color_9);--awb-text-font-family:&#039;Arial Black&#039;, Gadget, sans-serif;--awb-text-font-style:normal;--awb-text-font-weight:700;\"><h1 style=\"text-align: center;\"><span style=\"color: var(--awb-custom_color_9);\">What&#8217;s New With New Majority<\/span><\/h1>\n<\/div><\/div><\/div><div class=\"fusion-layout-column fusion_builder_column fusion-builder-column-1 fusion_builder_column_1_1 1_1 fusion-flex-column fusion-flex-align-self-flex-end\" style=\"--awb-padding-top:4%;--awb-padding-right:5%;--awb-padding-left:120px;--awb-bg-color:var(--awb-color2);--awb-bg-color-hover:var(--awb-color2);--awb-bg-size:cover;--awb-width-large:100%;--awb-margin-top-large:61px;--awb-spacing-right-large:0px;--awb-margin-bottom-large:0px;--awb-spacing-left-large:0px;--awb-width-medium:100%;--awb-order-medium:0;--awb-spacing-right-medium:0px;--awb-spacing-left-medium:0px;--awb-width-small:100%;--awb-order-small:0;--awb-spacing-right-small:0px;--awb-spacing-left-small:0px;\" data-scroll-devices=\"small-visibility,medium-visibility,large-visibility\"><div class=\"fusion-column-wrapper fusion-column-has-shadow fusion-flex-justify-content-center fusion-content-layout-row\"><div class=\"fusion-title title fusion-title-2 fusion-sep-none fusion-title-text fusion-title-size-two\" style=\"--awb-text-color:#666666;--awb-margin-top-small:10px;--awb-margin-right-small:0px;--awb-margin-bottom-small:10px;--awb-margin-left-small:0px;--awb-font-size:50px;\"><h2 class=\"fusion-title-heading title-heading-left fusion-responsive-typography-calculated\" style=\"font-family:&quot;Alumni Sans&quot;;font-style:normal;font-weight:300;margin:0;text-transform:uppercase;font-size:1em;--fontSize:50;line-height:1.12;\"><h3><strong>News &amp; Updates from the New Majority Team<\/strong><\/h3><\/h2><\/div><div class=\"fusion-blog-shortcode fusion-blog-shortcode-1 fusion-blog-archive fusion-blog-layout-medium-alternate fusion-blog-pagination\"><div class=\"fusion-posts-container fusion-posts-container-pagination fusion-blog-rollover\" data-pages=\"2\"><article id=\"blog-1-post-3954\" class=\"fusion-post-medium-alternate post-3954 post type-post status-publish format-standard hentry category-blog category-uncategorized\">\n<div class=\"fusion-date-and-formats\"><div class=\"fusion-date-box updated\"><span class=\"fusion-date\">19<\/span><span class=\"fusion-month-year\">03, 2026<\/span><\/div><div class=\"fusion-format-box\"><i class=\"awb-icon-pen\" aria-hidden=\"true\"><\/i><\/div><\/div>\t<style type=\"text\/css\">\n\t\t\n\t\t\n\t\t\n\t\t\n\t\t\t<\/style>\n\n\n<div class=\"fusion-post-content post-content\"><h2 class=\"blog-shortcode-post-title entry-title\"><a href=\"https:\/\/newmajority.ca\/fr\/municipal-2026\/\">Why I care about municipal elections&#8230;<\/a><\/h2><p class=\"fusion-single-line-meta\"><span class=\"vcard\" style=\"display: none;\"><span class=\"fn\"><a href=\"https:\/\/newmajority.ca\/fr\/author\/heloise\/\" title=\"Articles par Heloise\" rel=\"author\">Heloise<\/a><\/span><\/span><span class=\"updated\" style=\"display:none;\">2026-03-23T14:46:34-04:00<\/span><span>mars 19, 2026<\/span><span class=\"fusion-inline-sep\">|<\/span><span class=\"fusion-comments\"><a href=\"https:\/\/newmajority.ca\/fr\/municipal-2026\/#respond\">0 Comments<\/a><\/span><\/p><div class=\"fusion-post-content-container\"><p style=\"text-align: left;\">\u2026and why you should, too<\/p>\n<p><em>Version fran\u00e7aise disponible <a href=\"https:\/\/newmajority.ca\/municipales-2026\/\" target=\"_blank\" rel=\"noopener\">ici<\/a><\/em> <\/p>\n<p><span style=\"font-weight: 400;\">I\u2019m privileged to be[\u2026]<\/span><\/p>\n<\/div><\/div><div class=\"fusion-clearfix\"><\/div><\/article>\n<article id=\"blog-1-post-3983\" class=\"fusion-post-medium-alternate post-3983 post type-post status-publish format-standard hentry category-blog category-uncategorized\">\n<div class=\"fusion-date-and-formats\"><div class=\"fusion-date-box updated\"><span class=\"fusion-date\">19<\/span><span class=\"fusion-month-year\">03, 2026<\/span><\/div><div class=\"fusion-format-box\"><i class=\"awb-icon-pen\" aria-hidden=\"true\"><\/i><\/div><\/div>\t<style type=\"text\/css\">\n\t\t\n\t\t\n\t\t\n\t\t\n\t\t\t<\/style>\n\n\n<div class=\"fusion-post-content post-content\"><h2 class=\"blog-shortcode-post-title entry-title\"><a href=\"https:\/\/newmajority.ca\/fr\/municipales-2026\/\">Pourquoi les \u00e9lections municipales me tiennent \u00e0 coeur&#8230;<\/a><\/h2><p class=\"fusion-single-line-meta\"><span class=\"vcard\" style=\"display: none;\"><span class=\"fn\"><a href=\"https:\/\/newmajority.ca\/fr\/author\/heloise\/\" title=\"Articles par Heloise\" rel=\"author\">Heloise<\/a><\/span><\/span><span class=\"updated\" style=\"display:none;\">2026-03-23T14:46:57-04:00<\/span><span>mars 19, 2026<\/span><span class=\"fusion-inline-sep\">|<\/span><span class=\"fusion-comments\"><a href=\"https:\/\/newmajority.ca\/fr\/municipales-2026\/#respond\">0 Comments<\/a><\/span><\/p><div class=\"fusion-post-content-container\"><p>\u2026et pourquoi tu devrais te sentir concern\u00e9.e, toi aussi <\/p>\n<p><em>English version <a href=\"https:\/\/newmajority.ca\/municipal-2026\/\" target=\"_blank\" rel=\"noopener\">here<\/a><\/em> <\/p>\n<p><span style=\"font-weight: 400;\">J\u2019ai le privil\u00e8ge[\u2026]<\/span><\/p>\n<\/div><\/div><div class=\"fusion-clearfix\"><\/div><\/article>\n<article id=\"blog-1-post-3748\" class=\"fusion-post-medium-alternate post-3748 post type-post status-publish format-standard hentry category-blog\">\n<div class=\"fusion-date-and-formats\"><div class=\"fusion-date-box updated\"><span class=\"fusion-date\">4<\/span><span class=\"fusion-month-year\">06, 2025<\/span><\/div><div class=\"fusion-format-box\"><i class=\"awb-icon-pen\" aria-hidden=\"true\"><\/i><\/div><\/div>\t<style type=\"text\/css\">\n\t\t\n\t\t\n\t\t\n\t\t\n\t\t\t<\/style>\n\n\n<div class=\"fusion-post-content post-content\"><h2 class=\"blog-shortcode-post-title entry-title\"><a href=\"https:\/\/newmajority.ca\/fr\/youth-survey-2024\/\">New Majority Youth Survey 2024<\/a><\/h2><p class=\"fusion-single-line-meta\"><span class=\"vcard\" style=\"display: none;\"><span class=\"fn\"><a href=\"https:\/\/newmajority.ca\/fr\/author\/laeflaef-ca\/\" title=\"Articles par Laef\" rel=\"author\">Laef<\/a><\/span><\/span><span class=\"updated\" style=\"display:none;\">2025-06-04T09:06:27-04:00<\/span><span>juin 4, 2025<\/span><span class=\"fusion-inline-sep\">|<\/span><span class=\"fusion-comments\"><a href=\"https:\/\/newmajority.ca\/fr\/youth-survey-2024\/#respond\">0 Comments<\/a><\/span><\/p><div class=\"fusion-post-content-container\"><h2><b>The Overview<\/b><\/h2>\n<p>Some say young people don\u2019t care about politics. Wrong. You care. And you care a lot. Apathy isn\u2019t a[\u2026]<\/p>\n<\/div><\/div><div class=\"fusion-clearfix\"><\/div><\/article>\n<article id=\"blog-1-post-3673\" class=\"fusion-post-medium-alternate post-3673 post type-post status-publish format-standard has-post-thumbnail hentry category-blog tag-canadianelection2025 tag-federalelection\">\n<div class=\"fusion-date-and-formats\"><div class=\"fusion-date-box updated\"><span class=\"fusion-date\">15<\/span><span class=\"fusion-month-year\">04, 2025<\/span><\/div><div class=\"fusion-format-box\"><i class=\"awb-icon-pen\" aria-hidden=\"true\"><\/i><\/div><\/div>\t<style type=\"text\/css\">\n\t\t\n\t\t\n\t\t\n\t\t\n\t\t\t<\/style>\n\n\n\t\t\t<div class=\"fusion-flexslider flexslider fusion-flexslider-loading fusion-post-slideshow\" style=\"\">\n\t\t<ul class=\"slides\">\n\t\t\t\n\t\t\t\t\t\t\t\t\t\t\t\t\t\t<li><div  class=\"fusion-image-wrapper fusion-image-size-fixed\" aria-haspopup=\"true\">\n\t\t\t\t<img decoding=\"async\" width=\"320\" height=\"202\" src=\"data:image\/svg+xml,%3Csvg%20xmlns%3D%27http%3A%2F%2Fwww.w3.org%2F2000%2Fsvg%27%20width%3D%27499%27%20height%3D%27628%27%20viewBox%3D%270%200%20499%20628%27%3E%3Crect%20width%3D%27499%27%20height%3D%27628%27%20fill-opacity%3D%220%22%2F%3E%3C%2Fsvg%3E\" class=\"attachment-blog-medium size-blog-medium lazyload wp-post-image\" alt=\"Ready Set Go! It&#039;s Election Time\" data-orig-src=\"https:\/\/newmajority.ca\/wp-content\/uploads\/2025\/04\/ready-set-go-federalelection25-320x202.png\" \/><div class=\"fusion-rollover\">\n\t<div class=\"fusion-rollover-content\">\n\n\t\t\t\t\n\t\t\n\t\t\t\t\t\t\t\t\n\t\t\t\t\t\t\t\t\n\t\t\n\t\t\t\t\t\t<a class=\"fusion-link-wrapper\" href=\"https:\/\/newmajority.ca\/fr\/lets-talk-about-government-2025\/\" aria-label=\"\ud83d\uddf3\ufe0f Who&#8217;s Running to Lead Canada?\"><\/a>\n\t<\/div>\n<\/div>\n<\/div>\n<\/li>\n\t\t\t\n\t\t\t\n\t\t\t\t\t\t\t\t\t\t\t\t\t\t\t\t\t\t\t\t\t\t\t\t\t\t\t\t\t\t\t\t\t\t\t\t\t\t\t\t\t\t\t\t\t\t\t\t\t\t\t\t\t\t\t\t\t\t\t\t\t\t\t\t\t\t\t\t<\/ul>\n\t<\/div>\n\t<div class=\"fusion-post-content post-content\"><h2 class=\"blog-shortcode-post-title entry-title\"><a href=\"https:\/\/newmajority.ca\/fr\/lets-talk-about-government-2025\/\">\ud83d\uddf3\ufe0f Who&#8217;s Running to Lead Canada?<\/a><\/h2><p class=\"fusion-single-line-meta\"><span class=\"vcard\" style=\"display: none;\"><span class=\"fn\"><a href=\"https:\/\/newmajority.ca\/fr\/author\/amanda\/\" title=\"Articles par Amanda\" rel=\"author\">Amanda<\/a><\/span><\/span><span class=\"updated\" style=\"display:none;\">2025-05-01T19:07:44-04:00<\/span><span>avril 15, 2025<\/span><span class=\"fusion-inline-sep\">|<\/span><span class=\"meta-tags\">Tags: <a href=\"https:\/\/newmajority.ca\/fr\/tag\/canadianelection2025\/\" rel=\"tag\">canadianelection2025<\/a>, <a href=\"https:\/\/newmajority.ca\/fr\/tag\/federalelection\/\" rel=\"tag\">federalelection<\/a><\/span><span class=\"fusion-inline-sep\">|<\/span><span class=\"fusion-comments\"><a href=\"https:\/\/newmajority.ca\/fr\/lets-talk-about-government-2025\/#respond\">0 Comments<\/a><\/span><\/p><div class=\"fusion-post-content-container\"><p>Hey new first-time voters! We get it. There\u2019s a lot to figure out when it comes to voting in a[\u2026]<\/p>\n<\/div><\/div><div class=\"fusion-clearfix\"><\/div><\/article>\n<article id=\"blog-1-post-3390\" class=\"fusion-post-medium-alternate post-3390 post type-post status-publish format-standard hentry category-blog\">\n<div class=\"fusion-date-and-formats\"><div class=\"fusion-date-box updated\"><span class=\"fusion-date\">10<\/span><span class=\"fusion-month-year\">02, 2025<\/span><\/div><div class=\"fusion-format-box\"><i class=\"awb-icon-pen\" aria-hidden=\"true\"><\/i><\/div><\/div>\t<style type=\"text\/css\">\n\t\t\n\t\t\n\t\t\n\t\t\n\t\t\t<\/style>\n\n\n<div class=\"fusion-post-content post-content\"><h2 class=\"blog-shortcode-post-title entry-title\"><a href=\"https:\/\/newmajority.ca\/fr\/lets-talk-about-government\/\">Let\u2019s Talk About Government<\/a><\/h2><p class=\"fusion-single-line-meta\"><span class=\"vcard\" style=\"display: none;\"><span class=\"fn\"><a href=\"https:\/\/newmajority.ca\/fr\/author\/laeflaef-ca\/\" title=\"Articles par Laef\" rel=\"author\">Laef<\/a><\/span><\/span><span class=\"updated\" style=\"display:none;\">2025-02-10T17:53:10-05:00<\/span><span>f\u00e9vrier 10, 2025<\/span><span class=\"fusion-inline-sep\">|<\/span><span class=\"fusion-comments\"><a href=\"https:\/\/newmajority.ca\/fr\/lets-talk-about-government\/#respond\">0 Comments<\/a><\/span><\/p><div class=\"fusion-post-content-container\"><p><em>Jared Klein is an Assistant Field Director at New Majority, helping thousands of young people to vote all across Canada.<\/em><\/p>\n<hr><\/div><\/div><div class=\"fusion-clearfix\"><\/div><\/article>\n<article id=\"blog-1-post-3355\" class=\"fusion-post-medium-alternate post-3355 post type-post status-publish format-standard has-post-thumbnail hentry category-blog\">\n<div class=\"fusion-date-and-formats\"><div class=\"fusion-date-box updated\"><span class=\"fusion-date\">11<\/span><span class=\"fusion-month-year\">09, 2024<\/span><\/div><div class=\"fusion-format-box\"><i class=\"awb-icon-pen\" aria-hidden=\"true\"><\/i><\/div><\/div>\t<style type=\"text\/css\">\n\t\t\n\t\t\n\t\t\n\t\t\n\t\t\t<\/style>\n\n\n\t\t\t<div class=\"fusion-flexslider flexslider fusion-flexslider-loading fusion-post-slideshow\" style=\"\">\n\t\t<ul class=\"slides\">\n\t\t\t\n\t\t\t\t\t\t\t\t\t\t\t\t\t\t<li><div  class=\"fusion-image-wrapper fusion-image-size-fixed\" aria-haspopup=\"true\">\n\t\t\t\t<img decoding=\"async\" width=\"320\" height=\"202\" src=\"https:\/\/newmajority.ca\/wp-content\/uploads\/2024\/02\/1000009255-320x202.jpg\" class=\"attachment-blog-medium size-blog-medium lazyload wp-post-image\" alt=\"\" srcset=\"data:image\/svg+xml,%3Csvg%20xmlns%3D%27http%3A%2F%2Fwww.w3.org%2F2000%2Fsvg%27%20width%3D%271920%27%20height%3D%272560%27%20viewBox%3D%270%200%201920%202560%27%3E%3Crect%20width%3D%271920%27%20height%3D%272560%27%20fill-opacity%3D%220%22%2F%3E%3C%2Fsvg%3E\" data-orig-src=\"https:\/\/newmajority.ca\/wp-content\/uploads\/2024\/02\/1000009255-320x202.jpg\" data-srcset=\"https:\/\/newmajority.ca\/wp-content\/uploads\/2024\/02\/1000009255-320x202.jpg 320w, https:\/\/newmajority.ca\/wp-content\/uploads\/2024\/02\/1000009255-700x441.jpg 700w\" data-sizes=\"auto\" \/><div class=\"fusion-rollover\">\n\t<div class=\"fusion-rollover-content\">\n\n\t\t\t\t\n\t\t\n\t\t\t\t\t\t\t\t\n\t\t\t\t\t\t\t\t\n\t\t\n\t\t\t\t\t\t<a class=\"fusion-link-wrapper\" href=\"https:\/\/newmajority.ca\/fr\/le-guide-ultime-des-mots-cles-des-elections-canadiennes-edition-modeste\/\" aria-label=\"Le Guide Ultime des Mots-Cl\u00e9s des \u00c9lections Canadiennes, \u00c9dition Modeste\"><\/a>\n\t<\/div>\n<\/div>\n<\/div>\n<\/li>\n\t\t\t\n\t\t\t\n\t\t\t\t\t\t\t\t\t\t\t\t\t\t\t\t\t\t\t\t\t\t\t\t\t\t\t\t\t\t\t\t\t\t\t\t\t\t\t\t\t\t\t\t\t\t\t\t\t\t\t\t\t\t\t\t\t\t\t\t\t\t\t\t\t\t\t\t<\/ul>\n\t<\/div>\n\t<div class=\"fusion-post-content post-content\"><h2 class=\"blog-shortcode-post-title entry-title\"><a href=\"https:\/\/newmajority.ca\/fr\/le-guide-ultime-des-mots-cles-des-elections-canadiennes-edition-modeste\/\">Le Guide Ultime des Mots-Cl\u00e9s des \u00c9lections Canadiennes, \u00c9dition Modeste<\/a><\/h2><p class=\"fusion-single-line-meta\"><span class=\"vcard\" style=\"display: none;\"><span class=\"fn\"><a href=\"https:\/\/newmajority.ca\/fr\/author\/morag\/\" title=\"Articles par morag\" rel=\"author\">morag<\/a><\/span><\/span><span class=\"updated\" style=\"display:none;\">2024-09-10T06:04:04-04:00<\/span><span>septembre 11, 2024<\/span><span class=\"fusion-inline-sep\">|<\/span><span class=\"fusion-comments\"><a href=\"https:\/\/newmajority.ca\/fr\/le-guide-ultime-des-mots-cles-des-elections-canadiennes-edition-modeste\/#respond\">0 Comments<\/a><\/span><\/p><div class=\"fusion-post-content-container\"><p><span style=\"font-weight: 400;\">Salut, futur.e.s \u00e9lecteur.trice.s. Si t\u2019es comme moi, le mot \u201c\u00e9lection\u201d peut \u00e9voquer des images de d\u00e9bats ennuyeux, de[\u2026]<\/span><\/p>\n<\/div><\/div><div class=\"fusion-clearfix\"><\/div><\/article>\n<\/div><div class=\"pagination clearfix\"><span class=\"current\">1<\/span><a href=\"https:\/\/newmajority.ca\/fr\/wp-json\/wp\/v2\/pages\/3189\/page\/2\/\" class=\"inactive\">2<\/a><a class=\"pagination-next\" rel=\"next\" href=\"https:\/\/newmajority.ca\/fr\/wp-json\/wp\/v2\/pages\/3189\/page\/2\/\"><span class=\"page-text\">Next<\/span><span class=\"page-next\"><\/span><\/a><\/div><div class=\"fusion-clearfix\"><\/div><\/div><\/div><\/div><\/div><\/div><div class=\"fusion-fullwidth fullwidth-box fusion-builder-row-2 fusion-flex-container has-pattern-background has-mask-background hundred-percent-fullwidth non-hundred-percent-height-scrolling fusion-no-medium-visibility fusion-no-large-visibility gradient-container-2\" style=\"--awb-border-radius-top-left:0px;--awb-border-radius-top-right:0px;--awb-border-radius-bottom-right:0px;--awb-border-radius-bottom-left:0px;--awb-padding-top:25px;--awb-padding-right:0px;--awb-padding-bottom:0px;--awb-padding-left:0px;--awb-margin-top:0px;--awb-margin-bottom:0px;--awb-min-height:600px;--awb-background-color:var(--awb-color6);--awb-flex-wrap:wrap;\" ><div class=\"fusion-builder-row fusion-row fusion-flex-align-items-flex-start fusion-flex-align-content-flex-start fusion-flex-content-wrap\" style=\"width:calc( 100% + 0px ) !important;max-width:calc( 100% + 0px ) !important;margin-left: calc(-0px \/ 2 );margin-right: calc(-0px \/ 2 );\"><div class=\"fusion-layout-column fusion_builder_column fusion-builder-column-2 fusion_builder_column_1_1 1_1 fusion-flex-column\" style=\"--awb-padding-top:0px;--awb-padding-right:25px;--awb-padding-bottom:25px;--awb-padding-left:25px;--awb-bg-color:var(--awb-color6);--awb-bg-color-hover:var(--awb-color6);--awb-bg-size:cover;--awb-width-large:100%;--awb-margin-top-large:0px;--awb-spacing-right-large:0px;--awb-margin-bottom-large:0px;--awb-spacing-left-large:0px;--awb-width-medium:100%;--awb-order-medium:0;--awb-spacing-right-medium:0px;--awb-spacing-left-medium:0px;--awb-width-small:100%;--awb-order-small:0;--awb-spacing-right-small:0px;--awb-spacing-left-small:0px;\" data-scroll-devices=\"small-visibility,medium-visibility,large-visibility\"><div class=\"fusion-column-wrapper fusion-column-has-shadow fusion-flex-justify-content-flex-start fusion-content-layout-column\"><div class=\"elegant-typewriter-text-container elegant-typewriter-text-container-1\"><div class=\"elegant-typewriter-text elegant-align-left\" style=\"font-size:42px; color:var(--awb-color3);\" data-loop=\"yes\" data-deletedelay=\"600\" data-counter=\"elegant-typewriter-1\"><p class=\"elegant-typewriter-text-prefix\" style=\"font-family: 'Poppins' ;font-weight: 900;\">Canada\u2019s New Majority&nbsp;<\/p><div id=\"elegant-typewriter-1\" class=\"typewriter-text\"><\/div><p class=\"elegant-typewriter-text-child\"><span class=\"elegant-typewriter-text-wrap\" style=\"font-family: 'Poppins' ;font-weight: 900; color:var(--awb-color1);\">feverently fosters youth agency.<\/span><span class=\"elegant-typewriter-text-wrap\" style=\"font-family: 'Poppins' ;font-weight: 900; color:var(--awb-color1);\">is Canada\u2019s data driven get-out-the-vote machine.<\/span><span class=\"elegant-typewriter-text-wrap\" style=\"font-family: 'Poppins' ;font-weight: 900; color:var(--awb-color1);\">is mobile and zealous about building a Canada for all.<\/span><span class=\"elegant-typewriter-text-wrap\" style=\"font-family: 'Poppins' ;font-weight: 900; color:var(--awb-color1);\">is bolstering democracy through voter turnout.<\/span><\/p><\/div><\/div><\/div><\/div><\/div><\/div><div id=\"subscribe\" class=\"fusion-container-anchor\"><div class=\"fusion-fullwidth fullwidth-box fusion-builder-row-3 fusion-flex-container has-pattern-background has-mask-background nonhundred-percent-fullwidth non-hundred-percent-height-scrolling gradient-container-3\" style=\"--awb-background-position:center top;--awb-border-radius-top-left:0px;--awb-border-radius-top-right:0px;--awb-border-radius-bottom-right:0px;--awb-border-radius-bottom-left:0px;--awb-padding-top:50px;--awb-padding-bottom:0px;--awb-padding-top-medium:60px;--awb-margin-top:0px;--awb-margin-bottom:0px;--awb-flex-wrap:wrap;\" ><div class=\"fusion-builder-row fusion-row fusion-flex-align-items-flex-end fusion-flex-justify-content-center fusion-flex-content-wrap\" style=\"max-width:104%;margin-left: calc(-4% \/ 2 );margin-right: calc(-4% \/ 2 );\"><div class=\"fusion-layout-column fusion_builder_column fusion-builder-column-3 fusion_builder_column_1_1 1_1 fusion-flex-column\" style=\"--awb-bg-size:cover;--awb-width-large:100%;--awb-margin-top-large:0px;--awb-spacing-right-large:1.92%;--awb-margin-bottom-large:0px;--awb-spacing-left-large:1.92%;--awb-width-medium:100%;--awb-order-medium:0;--awb-spacing-right-medium:1.92%;--awb-spacing-left-medium:1.92%;--awb-width-small:100%;--awb-order-small:0;--awb-spacing-right-small:1.92%;--awb-spacing-left-small:1.92%;\"><div class=\"fusion-column-wrapper fusion-column-has-shadow fusion-flex-justify-content-flex-start fusion-content-layout-column\"><div class=\"fusion-section-separator section-separator big-half-circle fusion-section-separator-1\" style=\"--awb-spacer-height:120px;--awb-divider-height:120px;--awb-spacer-padding-top:inherit;--awb-sep-padding:0;--awb-svg-padding:0;\"><div class=\"fusion-section-separator-svg fusion-section-separator-fullwidth\"><svg class=\"fusion-big-half-circle-candy\" xmlns=\"http:\/\/www.w3.org\/2000\/svg\" version=\"1.1\" width=\"100%\" height=\"100\" viewBox=\"0 0 100 100\" preserveAspectRatio=\"none\" fill=\"rgba(253,249,240,1)\"><path d=\"M0 100 C40 0 60 0 100 100 Z\"><\/path><\/svg><\/div><div class=\"fusion-section-separator-spacer fusion-section-separator-fullwidth\"><div class=\"fusion-section-separator-spacer-height\"><\/div><\/div><\/div><\/div><\/div><\/div><\/div><\/div><\/p>\n","protected":false},"excerpt":{"rendered":"<p>yes<\/p>","protected":false},"author":7,"featured_media":0,"parent":0,"menu_order":0,"comment_status":"closed","ping_status":"closed","template":"100-width.php","meta":{"footnotes":""},"class_list":["post-3189","page","type-page","status-publish","hentry"],"_links":{"self":[{"href":"https:\/\/newmajority.ca\/fr\/wp-json\/wp\/v2\/pages\/3189","targetHints":{"allow":["GET"]}}],"collection":[{"href":"https:\/\/newmajority.ca\/fr\/wp-json\/wp\/v2\/pages"}],"about":[{"href":"https:\/\/newmajority.ca\/fr\/wp-json\/wp\/v2\/types\/page"}],"author":[{"embeddable":true,"href":"https:\/\/newmajority.ca\/fr\/wp-json\/wp\/v2\/users\/7"}],"replies":[{"embeddable":true,"href":"https:\/\/newmajority.ca\/fr\/wp-json\/wp\/v2\/comments?post=3189"}],"version-history":[{"count":48,"href":"https:\/\/newmajority.ca\/fr\/wp-json\/wp\/v2\/pages\/3189\/revisions"}],"predecessor-version":[{"id":3733,"href":"https:\/\/newmajority.ca\/fr\/wp-json\/wp\/v2\/pages\/3189\/revisions\/3733"}],"wp:attachment":[{"href":"https:\/\/newmajority.ca\/fr\/wp-json\/wp\/v2\/media?parent=3189"}],"curies":[{"name":"wp","href":"https:\/\/api.w.org\/{rel}","templated":true}]}}